{"id":133,"date":"2021-06-23T21:28:40","date_gmt":"2021-06-23T21:28:40","guid":{"rendered":"http:\/\/kiss-the-demon.com\/?page_id=133"},"modified":"2021-06-24T18:18:29","modified_gmt":"2021-06-24T18:18:29","slug":"kotti-shop-test","status":"publish","type":"page","link":"http:\/\/kiss-the-demon.com\/en\/kotti-shop-test\/","title":{"rendered":"Kotti-Shop Test"},"content":{"rendered":"<div data-elementor-type=\"wp-page\" data-elementor-id=\"133\" class=\"elementor elementor-133\">\n\t\t\t\t\t\t<section class=\"elementor-section elementor-top-section elementor-element elementor-element-5f6870f elementor-section-boxed elementor-section-height-default elementor-section-height-default\" data-id=\"5f6870f\" data-element_type=\"section\" data-e-type=\"section\">\n\t\t\t\t\t\t<div class=\"elementor-container elementor-column-gap-default\">\n\t\t\t\t\t<div class=\"elementor-column elementor-col-16 elementor-top-column elementor-element elementor-element-99dc3f4\" data-id=\"99dc3f4\" data-element_type=\"column\" data-e-type=\"column\">\n\t\t\t<div class=\"elementor-widget-wrap\">\n\t\t\t\t\t\t\t<\/div>\n\t\t<\/div>\n\t\t\t\t<div class=\"elementor-column elementor-col-66 elementor-top-column elementor-element elementor-element-5e6e933\" data-id=\"5e6e933\" data-element_type=\"column\" data-e-type=\"column\">\n\t\t\t<div class=\"elementor-widget-wrap elementor-element-populated\">\n\t\t\t\t\t\t<div class=\"elementor-element elementor-element-fa7c7bc elementor-widget elementor-widget-image\" data-id=\"fa7c7bc\" data-element_type=\"widget\" data-e-type=\"widget\" data-widget_type=\"image.default\">\n\t\t\t\t<div class=\"elementor-widget-container\">\n\t\t\t\t\t\t\t\t\t\t\t\t\t\t\t<img fetchpriority=\"high\" decoding=\"async\" width=\"1024\" height=\"654\" src=\"http:\/\/kiss-the-demon.com\/wp-content\/uploads\/2021\/06\/ks_nkz3-1024x654.jpg\" class=\"attachment-large size-large wp-image-48\" alt=\"\" srcset=\"http:\/\/kiss-the-demon.com\/wp-content\/uploads\/2021\/06\/ks_nkz3-1024x654.jpg 1024w, http:\/\/kiss-the-demon.com\/wp-content\/uploads\/2021\/06\/ks_nkz3-300x192.jpg 300w, http:\/\/kiss-the-demon.com\/wp-content\/uploads\/2021\/06\/ks_nkz3-768x491.jpg 768w, http:\/\/kiss-the-demon.com\/wp-content\/uploads\/2021\/06\/ks_nkz3-1536x982.jpg 1536w, http:\/\/kiss-the-demon.com\/wp-content\/uploads\/2021\/06\/ks_nkz3.jpg 1754w\" sizes=\"(max-width: 1024px) 100vw, 1024px\" \/>\t\t\t\t\t\t\t\t\t\t\t\t\t\t\t<\/div>\n\t\t\t\t<\/div>\n\t\t\t\t<section class=\"elementor-section elementor-inner-section elementor-element elementor-element-640526c elementor-section-boxed elementor-section-height-default elementor-section-height-default\" data-id=\"640526c\" data-element_type=\"section\" data-e-type=\"section\">\n\t\t\t\t\t\t<div class=\"elementor-container elementor-column-gap-default\">\n\t\t\t\t\t<div class=\"elementor-column elementor-col-50 elementor-inner-column elementor-element elementor-element-01b863c\" data-id=\"01b863c\" data-element_type=\"column\" data-e-type=\"column\">\n\t\t\t<div class=\"elementor-widget-wrap elementor-element-populated\">\n\t\t\t\t\t\t<div class=\"elementor-element elementor-element-d8c81a9 elementor-widget elementor-widget-heading\" data-id=\"d8c81a9\" data-element_type=\"widget\" data-e-type=\"widget\" data-widget_type=\"heading.default\">\n\t\t\t\t<div class=\"elementor-widget-container\">\n\t\t\t\t\t<h1 class=\"elementor-heading-title elementor-size-default\">Kotti-Shop<\/h1>\t\t\t\t<\/div>\n\t\t\t\t<\/div>\n\t\t\t\t\t<\/div>\n\t\t<\/div>\n\t\t\t\t<div class=\"elementor-column elementor-col-50 elementor-inner-column elementor-element elementor-element-84574dc\" data-id=\"84574dc\" data-element_type=\"column\" data-e-type=\"column\">\n\t\t\t<div class=\"elementor-widget-wrap\">\n\t\t\t\t\t\t\t<\/div>\n\t\t<\/div>\n\t\t\t\t\t<\/div>\n\t\t<\/section>\n\t\t\t\t<div class=\"elementor-element elementor-element-8ac9a16 elementor-widget elementor-widget-text-editor\" data-id=\"8ac9a16\" data-element_type=\"widget\" data-e-type=\"widget\" data-widget_type=\"text-editor.default\">\n\t\t\t\t<div class=\"elementor-widget-container\">\n\t\t\t\t\t\t\t\t\t<p><span style=\"font-size: 12.0pt; font-family: 'Helvetica',sans-serif; color: #2b0000;\">Der <i>Kotti-Shop <\/i>ist ein experimenteller, non- profit Kunst- und Projektraum, der im Dezember 2008 gegru\u0308ndet wurde. Er liegt direkt am Kottbusser Tor, im Erdgeschoss des Neuen Kreuzberger Zentrums. Regelma\u0308\u00dfig finden im Kotti-Shop Ausstellungen, Performances, Filmvorfu\u0308hrungen und Konzerte statt. Das Besondere am Kotti-Shop ist aber neben der Vielschichtigkeit der Aktivita\u0308ten, seine Rolle im Kiez und seine starke Verbindung zur Nachbarschaft. Er ist ein spiel- freudiger Experimentierraum, ein Bezugs- und Aktivita\u0308tsraum gerade auch fu\u0308r viele der Kinder im Neuen Kreuzberger Zentrum. In Schreib-, Zeichen-, Collage- und Druck-Workshops werden unter anderem Themen zum und u\u0308ber den Kotti bearbeitet: machbare Utopien und Zukunftsvisionen fu\u0308r das Kottbusser Tor und seine Bewohnern. Der Kotti-Shop ist nicht nur Projektraum innerhalb seiner festen Architektur, sondern auch Ausgangspunkt von gro\u0308\u00dfer angelegten ku\u0308nstlerisch kollaborativen Projekten im In- und Ausland, wie z.B. Projektwochen in Berliner Schulen, Zeichen-Festivals, Workshops und partizipative Kunstprojekte in anderen Kunst- und Projektra\u0308umen. <\/span><\/p>\t\t\t\t\t\t\t\t<\/div>\n\t\t\t\t<\/div>\n\t\t\t\t<div class=\"elementor-element elementor-element-fea99e2 elementor-widget-divider--view-line elementor-widget elementor-widget-divider\" data-id=\"fea99e2\" data-element_type=\"widget\" data-e-type=\"widget\" data-widget_type=\"divider.default\">\n\t\t\t\t<div class=\"elementor-widget-container\">\n\t\t\t\t\t\t\t<div class=\"elementor-divider\">\n\t\t\t<span class=\"elementor-divider-separator\">\n\t\t\t\t\t\t<\/span>\n\t\t<\/div>\n\t\t\t\t\t\t<\/div>\n\t\t\t\t<\/div>\n\t\t\t\t<div class=\"elementor-element elementor-element-84d8002 elementor-widget elementor-widget-heading\" data-id=\"84d8002\" data-element_type=\"widget\" data-e-type=\"widget\" data-widget_type=\"heading.default\">\n\t\t\t\t<div class=\"elementor-widget-container\">\n\t\t\t\t\t<h2 class=\"elementor-heading-title elementor-size-default\">Regelm\u00e4\u00dfige Veranstaltungen:<\/h2>\t\t\t\t<\/div>\n\t\t\t\t<\/div>\n\t\t\t\t<div class=\"elementor-element elementor-element-f619ce3 elementor-widget-divider--view-line elementor-widget elementor-widget-divider\" data-id=\"f619ce3\" data-element_type=\"widget\" data-e-type=\"widget\" data-widget_type=\"divider.default\">\n\t\t\t\t<div class=\"elementor-widget-container\">\n\t\t\t\t\t\t\t<div class=\"elementor-divider\">\n\t\t\t<span class=\"elementor-divider-separator\">\n\t\t\t\t\t\t<\/span>\n\t\t<\/div>\n\t\t\t\t\t\t<\/div>\n\t\t\t\t<\/div>\n\t\t\t\t<section class=\"elementor-section elementor-inner-section elementor-element elementor-element-ceb9450 elementor-section-boxed elementor-section-height-default elementor-section-height-default\" data-id=\"ceb9450\" data-element_type=\"section\" data-e-type=\"section\">\n\t\t\t\t\t\t<div class=\"elementor-container elementor-column-gap-default\">\n\t\t\t\t\t<div class=\"elementor-column elementor-col-50 elementor-inner-column elementor-element elementor-element-3421e9a\" data-id=\"3421e9a\" data-element_type=\"column\" data-e-type=\"column\">\n\t\t\t<div class=\"elementor-widget-wrap elementor-element-populated\">\n\t\t\t\t\t\t<div class=\"elementor-element elementor-element-cbc822b elementor-widget elementor-widget-heading\" data-id=\"cbc822b\" data-element_type=\"widget\" data-e-type=\"widget\" data-widget_type=\"heading.default\">\n\t\t\t\t<div class=\"elementor-widget-container\">\n\t\t\t\t\t<h1 class=\"elementor-heading-title elementor-size-default\">Collagebasiertes Kaffeetrinken<\/h1>\t\t\t\t<\/div>\n\t\t\t\t<\/div>\n\t\t\t\t\t<\/div>\n\t\t<\/div>\n\t\t\t\t<div class=\"elementor-column elementor-col-50 elementor-inner-column elementor-element elementor-element-41b7f8b\" data-id=\"41b7f8b\" data-element_type=\"column\" data-e-type=\"column\">\n\t\t\t<div class=\"elementor-widget-wrap\">\n\t\t\t\t\t\t\t<\/div>\n\t\t<\/div>\n\t\t\t\t\t<\/div>\n\t\t<\/section>\n\t\t\t\t<div class=\"elementor-element elementor-element-6870a35 elementor-widget elementor-widget-image\" data-id=\"6870a35\" data-element_type=\"widget\" data-e-type=\"widget\" data-widget_type=\"image.default\">\n\t\t\t\t<div class=\"elementor-widget-container\">\n\t\t\t\t\t\t\t\t\t\t\t\t\t\t\t<img decoding=\"async\" width=\"1024\" height=\"724\" src=\"http:\/\/kiss-the-demon.com\/wp-content\/uploads\/2021\/06\/Spam-Club_Farbe-1-1024x724.jpg\" class=\"attachment-large size-large wp-image-156\" alt=\"\" srcset=\"http:\/\/kiss-the-demon.com\/wp-content\/uploads\/2021\/06\/Spam-Club_Farbe-1-1024x724.jpg 1024w, http:\/\/kiss-the-demon.com\/wp-content\/uploads\/2021\/06\/Spam-Club_Farbe-1-300x212.jpg 300w, http:\/\/kiss-the-demon.com\/wp-content\/uploads\/2021\/06\/Spam-Club_Farbe-1-768x543.jpg 768w, http:\/\/kiss-the-demon.com\/wp-content\/uploads\/2021\/06\/Spam-Club_Farbe-1-1536x1086.jpg 1536w, http:\/\/kiss-the-demon.com\/wp-content\/uploads\/2021\/06\/Spam-Club_Farbe-1-2048x1448.jpg 2048w\" sizes=\"(max-width: 1024px) 100vw, 1024px\" \/>\t\t\t\t\t\t\t\t\t\t\t\t\t\t\t<\/div>\n\t\t\t\t<\/div>\n\t\t\t\t<div class=\"elementor-element elementor-element-abc0435 elementor-widget elementor-widget-text-editor\" data-id=\"abc0435\" data-element_type=\"widget\" data-e-type=\"widget\" data-widget_type=\"text-editor.default\">\n\t\t\t\t<div class=\"elementor-widget-container\">\n\t\t\t\t\t\t\t\t\t<p>Das Collagebasiertes Kaffeetrinken ist ein Verweilformat des Kotti-Shop, das aus dem Projekt Mapping the Common Ground entstanden ist. Jeden Mittwoch von 16 Uhr bis 19 Uhr l\u00e4dt der Kotti-Shop seit April 2018 NachbarInnen, Interessierte und befreundete K\u00fcnstlerInnen ein, bei Kaffee und Kuchen, Bilder aus Heften und B\u00fcchern, aus mitgebrachten Fotografien freizustellen. Es ist ein Anlass zum gemeinsamen Verweilen, w\u00e4hrenddessen man \u00fcber (aktuelle) Themen redet, sich austauscht, plaudert, ungezwungen. Aus dem collagebasierten Kaffeetrinken entsteht wachsend ein ausf\u00fchrliches Collagearchiv. Es ist eine Sammlung aus Architekturen des urbanen Raums, aus Pl\u00e4tzen und Orten, aus Kontextbildern zu verschiedenen Themen: Verkehr, Pflanzen, Maschinen, Menschen, Gegenst\u00e4nden. Eingescannt und digitalisiert ist es ein starkes Werkzeug f\u00fcr gemeinsame k\u00fcnstlerische Projekte, aber auch f\u00fcr Plakate, Postkarten oder Zines, und besonders als visuelle Formen des Ausdrucks der Nachbarschaft im Rahmen der Verhandlungen um den urbanen Raum.<\/p>\t\t\t\t\t\t\t\t<\/div>\n\t\t\t\t<\/div>\n\t\t\t\t<div class=\"elementor-element elementor-element-0f52f57 elementor-widget-divider--view-line elementor-widget elementor-widget-divider\" data-id=\"0f52f57\" data-element_type=\"widget\" data-e-type=\"widget\" data-widget_type=\"divider.default\">\n\t\t\t\t<div class=\"elementor-widget-container\">\n\t\t\t\t\t\t\t<div class=\"elementor-divider\">\n\t\t\t<span class=\"elementor-divider-separator\">\n\t\t\t\t\t\t<\/span>\n\t\t<\/div>\n\t\t\t\t\t\t<\/div>\n\t\t\t\t<\/div>\n\t\t\t\t<section class=\"elementor-section elementor-inner-section elementor-element elementor-element-fe93694 elementor-section-boxed elementor-section-height-default elementor-section-height-default\" data-id=\"fe93694\" data-element_type=\"section\" data-e-type=\"section\">\n\t\t\t\t\t\t<div class=\"elementor-container elementor-column-gap-default\">\n\t\t\t\t\t<div class=\"elementor-column elementor-col-50 elementor-inner-column elementor-element elementor-element-5e01520\" data-id=\"5e01520\" data-element_type=\"column\" data-e-type=\"column\">\n\t\t\t<div class=\"elementor-widget-wrap elementor-element-populated\">\n\t\t\t\t\t\t<div class=\"elementor-element elementor-element-87ad7e4 elementor-widget elementor-widget-heading\" data-id=\"87ad7e4\" data-element_type=\"widget\" data-e-type=\"widget\" data-widget_type=\"heading.default\">\n\t\t\t\t<div class=\"elementor-widget-container\">\n\t\t\t\t\t<h4 class=\"elementor-heading-title elementor-size-default\">Sentimental Punk<\/h4>\t\t\t\t<\/div>\n\t\t\t\t<\/div>\n\t\t\t\t\t<\/div>\n\t\t<\/div>\n\t\t\t\t<div class=\"elementor-column elementor-col-50 elementor-inner-column elementor-element elementor-element-338d2bd\" data-id=\"338d2bd\" data-element_type=\"column\" data-e-type=\"column\">\n\t\t\t<div class=\"elementor-widget-wrap\">\n\t\t\t\t\t\t\t<\/div>\n\t\t<\/div>\n\t\t\t\t\t<\/div>\n\t\t<\/section>\n\t\t\t\t<div class=\"elementor-element elementor-element-16a1fc5 elementor-widget elementor-widget-image\" data-id=\"16a1fc5\" data-element_type=\"widget\" data-e-type=\"widget\" data-widget_type=\"image.default\">\n\t\t\t\t<div class=\"elementor-widget-container\">\n\t\t\t\t\t\t\t\t\t\t\t\t\t\t\t<img decoding=\"async\" width=\"1024\" height=\"768\" src=\"http:\/\/kiss-the-demon.com\/wp-content\/uploads\/2021\/06\/sp02-1024x768.jpg\" class=\"attachment-large size-large wp-image-157\" alt=\"\" srcset=\"http:\/\/kiss-the-demon.com\/wp-content\/uploads\/2021\/06\/sp02-1024x768.jpg 1024w, http:\/\/kiss-the-demon.com\/wp-content\/uploads\/2021\/06\/sp02-300x225.jpg 300w, http:\/\/kiss-the-demon.com\/wp-content\/uploads\/2021\/06\/sp02-768x576.jpg 768w, http:\/\/kiss-the-demon.com\/wp-content\/uploads\/2021\/06\/sp02.jpg 1280w\" sizes=\"(max-width: 1024px) 100vw, 1024px\" \/>\t\t\t\t\t\t\t\t\t\t\t\t\t\t\t<\/div>\n\t\t\t\t<\/div>\n\t\t\t\t<div class=\"elementor-element elementor-element-46e3042 elementor-widget elementor-widget-text-editor\" data-id=\"46e3042\" data-element_type=\"widget\" data-e-type=\"widget\" data-widget_type=\"text-editor.default\">\n\t\t\t\t<div class=\"elementor-widget-container\">\n\t\t\t\t\t\t\t\t\t<p>ZWEI Soundtracks. EIN Film. Jeden 11. des Monats zeigt Sentimental Punk eine Auswahl strukturalistischer und avantgardistischer FilmmacherInnen. Jeden 11. des Monats l\u00e4dt Sentimental Punk 2 Klangk\u00fcnstlerInnen ein, die live zu den Filmen improvisieren. Sentimental Punk ist ein nichtkommerzielles Recherche-Treffen; kuratiert von Dafne Narvaez Berlfein mit Unterst\u00fctzung von Willem van den Hoek.<\/p>\t\t\t\t\t\t\t\t<\/div>\n\t\t\t\t<\/div>\n\t\t\t\t<div class=\"elementor-element elementor-element-0f1c723 elementor-widget-divider--view-line elementor-widget elementor-widget-divider\" data-id=\"0f1c723\" data-element_type=\"widget\" data-e-type=\"widget\" data-widget_type=\"divider.default\">\n\t\t\t\t<div class=\"elementor-widget-container\">\n\t\t\t\t\t\t\t<div class=\"elementor-divider\">\n\t\t\t<span class=\"elementor-divider-separator\">\n\t\t\t\t\t\t<\/span>\n\t\t<\/div>\n\t\t\t\t\t\t<\/div>\n\t\t\t\t<\/div>\n\t\t\t\t<div class=\"elementor-element elementor-element-c5bdc55 elementor-widget elementor-widget-heading\" data-id=\"c5bdc55\" data-element_type=\"widget\" data-e-type=\"widget\" data-widget_type=\"heading.default\">\n\t\t\t\t<div class=\"elementor-widget-container\">\n\t\t\t\t\t<h2 class=\"elementor-heading-title elementor-size-default\">Kotti-Shop On Air<\/h2>\t\t\t\t<\/div>\n\t\t\t\t<\/div>\n\t\t\t\t<div class=\"elementor-element elementor-element-944f662 elementor-widget elementor-widget-image\" data-id=\"944f662\" data-element_type=\"widget\" data-e-type=\"widget\" data-widget_type=\"image.default\">\n\t\t\t\t<div class=\"elementor-widget-container\">\n\t\t\t\t\t\t\t\t\t\t\t\t\t\t\t<img loading=\"lazy\" decoding=\"async\" width=\"1024\" height=\"575\" src=\"http:\/\/kiss-the-demon.com\/wp-content\/uploads\/2021\/06\/Radio-1024x575.jpg\" class=\"attachment-large size-large wp-image-162\" alt=\"\" srcset=\"http:\/\/kiss-the-demon.com\/wp-content\/uploads\/2021\/06\/Radio-1024x575.jpg 1024w, http:\/\/kiss-the-demon.com\/wp-content\/uploads\/2021\/06\/Radio-300x169.jpg 300w, http:\/\/kiss-the-demon.com\/wp-content\/uploads\/2021\/06\/Radio-768x432.jpg 768w, http:\/\/kiss-the-demon.com\/wp-content\/uploads\/2021\/06\/Radio-1536x863.jpg 1536w, http:\/\/kiss-the-demon.com\/wp-content\/uploads\/2021\/06\/Radio-2048x1151.jpg 2048w\" sizes=\"(max-width: 1024px) 100vw, 1024px\" \/>\t\t\t\t\t\t\t\t\t\t\t\t\t\t\t<\/div>\n\t\t\t\t<\/div>\n\t\t\t\t<div class=\"elementor-element elementor-element-b6ade60 elementor-widget elementor-widget-text-editor\" data-id=\"b6ade60\" data-element_type=\"widget\" data-e-type=\"widget\" data-widget_type=\"text-editor.default\">\n\t\t\t\t<div class=\"elementor-widget-container\">\n\t\t\t\t\t\t\t\t\t<p>Kotti-Shop On Air ist die Sendung vom Kotti-Shop. Sie bildet sowohl die Vielschichtigkeit des urbanen Raums am KottbusserTor ab, als auch die Aktivit\u00e4ten des Kunst- und Projektraums. Das featurehafte Radioformat wird \u00fcber reboot.fm sowohl auf der 88.4 mHz als auch auf 90.7 mHz einmal im Monat am Sonntag ausgestrahlt.<\/p>\t\t\t\t\t\t\t\t<\/div>\n\t\t\t\t<\/div>\n\t\t\t\t\t<\/div>\n\t\t<\/div>\n\t\t\t\t<div class=\"elementor-column elementor-col-16 elementor-top-column elementor-element elementor-element-47ab270\" data-id=\"47ab270\" data-element_type=\"column\" data-e-type=\"column\">\n\t\t\t<div class=\"elementor-widget-wrap\">\n\t\t\t\t\t\t\t<\/div>\n\t\t<\/div>\n\t\t\t\t\t<\/div>\n\t\t<\/section>\n\t\t\t\t<\/div>","protected":false},"excerpt":{"rendered":"<p>Kotti-Shop Der Kotti-Shop ist ein experimenteller, non- profit Kunst- und Projektraum, der im Dezember 2008 gegru\u0308ndet wurde. Er liegt direkt am Kottbusser Tor, im Erdgeschoss des Neuen Kreuzberger Zentrums. Regelma\u0308\u00dfig finden im Kotti-Shop Ausstellungen, Performances, Filmvorfu\u0308hrungen und Konzerte statt. Das Besondere am Kotti-Shop ist aber neben der Vielschichtigkeit der Aktivita\u0308ten, seine Rolle im Kiez und [&hellip;]<\/p>\n","protected":false},"author":1,"featured_media":0,"parent":0,"menu_order":0,"comment_status":"closed","ping_status":"closed","template":"","meta":{"ocean_post_layout":"full-screen","ocean_both_sidebars_style":"","ocean_both_sidebars_content_width":0,"ocean_both_sidebars_sidebars_width":0,"ocean_sidebar":"0","ocean_second_sidebar":"0","ocean_disable_margins":"enable","ocean_add_body_class":"","ocean_shortcode_before_top_bar":"","ocean_shortcode_after_top_bar":"","ocean_shortcode_before_header":"","ocean_shortcode_after_header":"","ocean_has_shortcode":"","ocean_shortcode_after_title":"","ocean_shortcode_before_footer_widgets":"","ocean_shortcode_after_footer_widgets":"","ocean_shortcode_before_footer_bottom":"","ocean_shortcode_after_footer_bottom":"","ocean_display_top_bar":"off","ocean_display_header":"default","ocean_header_style":"","ocean_center_header_left_menu":"0","ocean_custom_header_template":"0","ocean_custom_logo":0,"ocean_custom_retina_logo":0,"ocean_custom_logo_max_width":0,"ocean_custom_logo_tablet_max_width":0,"ocean_custom_logo_mobile_max_width":0,"ocean_custom_logo_max_height":0,"ocean_custom_logo_tablet_max_height":0,"ocean_custom_logo_mobile_max_height":0,"ocean_header_custom_menu":"0","ocean_menu_typo_font_family":"0","ocean_menu_typo_font_subset":"","ocean_menu_typo_font_size":0,"ocean_menu_typo_font_size_tablet":0,"ocean_menu_typo_font_size_mobile":0,"ocean_menu_typo_font_size_unit":"px","ocean_menu_typo_font_weight":"","ocean_menu_typo_font_weight_tablet":"","ocean_menu_typo_font_weight_mobile":"","ocean_menu_typo_transform":"","ocean_menu_typo_transform_tablet":"","ocean_menu_typo_transform_mobile":"","ocean_menu_typo_line_height":0,"ocean_menu_typo_line_height_tablet":0,"ocean_menu_typo_line_height_mobile":0,"ocean_menu_typo_line_height_unit":"","ocean_menu_typo_spacing":0,"ocean_menu_typo_spacing_tablet":0,"ocean_menu_typo_spacing_mobile":0,"ocean_menu_typo_spacing_unit":"","ocean_menu_link_color":"","ocean_menu_link_color_hover":"","ocean_menu_link_color_active":"","ocean_menu_link_background":"","ocean_menu_link_hover_background":"","ocean_menu_link_active_background":"","ocean_menu_social_links_bg":"","ocean_menu_social_hover_links_bg":"","ocean_menu_social_links_color":"","ocean_menu_social_hover_links_color":"","ocean_disable_title":"on","ocean_disable_heading":"default","ocean_post_title":"","ocean_post_subheading":"","ocean_post_title_style":"","ocean_post_title_background_color":"","ocean_post_title_background":0,"ocean_post_title_bg_image_position":"","ocean_post_title_bg_image_attachment":"","ocean_post_title_bg_image_repeat":"","ocean_post_title_bg_image_size":"","ocean_post_title_height":0,"ocean_post_title_bg_overlay":0.5,"ocean_post_title_bg_overlay_color":"","ocean_disable_breadcrumbs":"default","ocean_breadcrumbs_color":"","ocean_breadcrumbs_separator_color":"","ocean_breadcrumbs_links_color":"","ocean_breadcrumbs_links_hover_color":"","ocean_display_footer_widgets":"off","ocean_display_footer_bottom":"off","ocean_custom_footer_template":"0","footnotes":""},"class_list":["post-133","page","type-page","status-publish","hentry","entry"],"_links":{"self":[{"href":"http:\/\/kiss-the-demon.com\/en\/wp-json\/wp\/v2\/pages\/133","targetHints":{"allow":["GET"]}}],"collection":[{"href":"http:\/\/kiss-the-demon.com\/en\/wp-json\/wp\/v2\/pages"}],"about":[{"href":"http:\/\/kiss-the-demon.com\/en\/wp-json\/wp\/v2\/types\/page"}],"author":[{"embeddable":true,"href":"http:\/\/kiss-the-demon.com\/en\/wp-json\/wp\/v2\/users\/1"}],"replies":[{"embeddable":true,"href":"http:\/\/kiss-the-demon.com\/en\/wp-json\/wp\/v2\/comments?post=133"}],"version-history":[{"count":38,"href":"http:\/\/kiss-the-demon.com\/en\/wp-json\/wp\/v2\/pages\/133\/revisions"}],"predecessor-version":[{"id":207,"href":"http:\/\/kiss-the-demon.com\/en\/wp-json\/wp\/v2\/pages\/133\/revisions\/207"}],"wp:attachment":[{"href":"http:\/\/kiss-the-demon.com\/en\/wp-json\/wp\/v2\/media?parent=133"}],"curies":[{"name":"wp","href":"https:\/\/api.w.org\/{rel}","templated":true}]}}